
{"id":152,"date":"2025-04-14T18:25:52","date_gmt":"2025-04-14T16:25:52","guid":{"rendered":"https:\/\/h-2k.de\/?page_id=152"},"modified":"2026-03-05T10:59:31","modified_gmt":"2026-03-05T09:59:31","slug":"152-2","status":"publish","type":"page","link":"https:\/\/h-2k.de\/?page_id=152","title":{"rendered":"Impressum"},"content":{"rendered":"\t\t<div data-elementor-type=\"wp-page\" data-elementor-id=\"152\" class=\"elementor elementor-152\">\n\t\t\t\t<div class=\"elementor-element elementor-element-c4f5ea e-flex e-con-boxed e-con e-parent\" data-id=\"c4f5ea\" data-element_type=\"container\">\n\t\t\t\t\t<div class=\"e-con-inner\">\n\t\t\t\t<div class=\"elementor-element elementor-element-4e8e9a1e elementor-widget elementor-widget-text-editor\" data-id=\"4e8e9a1e\" data-element_type=\"widget\" data-settings=\"{&quot;vlt_animated_widget_animation&quot;:&quot;none&quot;}\" data-widget_type=\"text-editor.default\">\n\t\t\t\t<div class=\"elementor-widget-container\">\n\t\t\t\t\t\t\t\t\t<p class=\"\" data-start=\"79\" data-end=\"92\"><strong data-start=\"79\" data-end=\"92\">Impressum<\/strong><\/p><p class=\"\" data-start=\"94\" data-end=\"116\">Angaben gem\u00e4\u00df \u00a7 5 DDG:<\/p><p>H-2K &#8211; Svante Ecke<br \/>c\/o Online-Impressum #6786<br \/>Europaring 90<br \/>53757 Sankt Augustin<br \/><br \/>E-Mail: prio@h-2k.de<br \/>Telefon: 015164972865<br \/>Zweiter Kontaktweg<br \/><br \/>Zust\u00e4ndige Regulierungs- und Aufsichtsbeh\u00f6rde:<br \/>Medienanstalt Mecklenburg-Vorpommern<br \/>Sitz: Deutschland<\/p><p>Kein Umsatzsteuerausweis aufgrund Anwendung<br \/>der Kleinunternehmerregelung gem\u00e4\u00df \u00a7 19 UStG.<\/p><p class=\"\" data-start=\"256\" data-end=\"314\"><strong data-start=\"256\" data-end=\"300\">Vertretungsberechtigter Gesch\u00e4ftsf\u00fchrer:<\/strong><br data-start=\"300\" data-end=\"303\" \/><b>Svante Ecke<\/b><\/p><p class=\"\" data-start=\"316\" data-end=\"351\"><strong data-start=\"316\" data-end=\"351\">Haftungsausschluss \/ Disclaimer<\/strong><\/p><p class=\"\" data-start=\"353\" data-end=\"882\">Der Autor \u00fcbernimmt keinerlei Gew\u00e4hr f\u00fcr die Aktualit\u00e4t, Korrektheit, Vollst\u00e4ndigkeit oder Qualit\u00e4t der bereitgestellten Informationen. Haftungsanspr\u00fcche gegen den Autor, die sich auf Sch\u00e4den materieller oder ideeller Art beziehen, die durch die Nutzung oder Nichtnutzung der dargebotenen Informationen bzw. durch die Nutzung fehlerhafter und unvollst\u00e4ndiger Informationen verursacht wurden, sind grunds\u00e4tzlich ausgeschlossen, sofern seitens des Autors kein nachweislich vors\u00e4tzliches oder grob fahrl\u00e4ssiges Verschulden vorliegt.<\/p><p class=\"\" data-start=\"884\" data-end=\"1397\">Sofern direkte oder indirekte Verweise auf fremde Webseiten (&#8222;Links&#8220;) bestehen, die au\u00dferhalb des Verantwortungsbereiches des Autors liegen, w\u00fcrde eine Haftungsverpflichtung ausschlie\u00dflich in dem Fall in Kraft treten, in dem der Autor von den Inhalten Kenntnis hat und es ihm technisch m\u00f6glich und zumutbar w\u00e4re, die Nutzung im Falle rechtswidriger Inhalte zu verhindern. Der Autor erkl\u00e4rt hiermit ausdr\u00fccklich, dass zum Zeitpunkt der Linksetzung keine illegalen Inhalte auf den verlinkten Seiten erkennbar waren.<\/p><p class=\"\" data-start=\"1399\" data-end=\"1965\">Der Autor ist bestrebt, in allen Publikationen die Urheberrechte der verwendeten Grafiken, Tondokumente, Videosequenzen und Texte zu beachten, von ihm selbst erstellte Grafiken, Tondokumente, Videosequenzen und Texte zu nutzen oder auf lizenzfreie Grafiken, Tondokumente, Videosequenzen und Texte zur\u00fcckzugreifen. Alle innerhalb des Internetangebotes genannten und ggf. durch Dritte gesch\u00fctzten Marken- und Warenzeichen unterliegen uneingeschr\u00e4nkt den Bestimmungen des jeweils g\u00fcltigen Kennzeichenrechts und den Besitzrechten der jeweiligen eingetragenen Eigent\u00fcmer.<\/p><p class=\"\" data-start=\"1967\" data-end=\"2518\">Sofern innerhalb des Internetangebotes die M\u00f6glichkeit zur Eingabe pers\u00f6nlicher oder gesch\u00e4ftlicher Daten (E-Mail-Adressen, Namen, Anschriften) besteht, so erfolgt die Preisgabe dieser Daten seitens des Nutzers auf ausdr\u00fccklich freiwilliger Basis. Die Nutzung der im Rahmen des Impressums oder vergleichbarer Angaben ver\u00f6ffentlichten Kontaktdaten wie Postanschriften, Telefon- und Faxnummern sowie E-Mail-Adressen durch Dritte zur \u00dcbersendung von nicht ausdr\u00fccklich angeforderter Werbung und Informationsmaterialien ist hiermit ausdr\u00fccklich untersagt.<\/p><p class=\"\" data-start=\"2520\" data-end=\"2539\"><strong data-start=\"2520\" data-end=\"2539\">Streitbeilegung<\/strong><\/p><p class=\"\" data-start=\"2541\" data-end=\"2831\">Die Europ\u00e4ische Kommission stellt eine Plattform zur Online-Streitbeilegung (OS-Plattform) bereit, die unter <a class=\"\" href=\"https:\/\/ec.europa.eu\/consumers\/odr\/\" target=\"_new\" rel=\"noopener\" data-start=\"2650\" data-end=\"2685\">https:\/\/ec.europa.eu\/consumers\/odr\/<\/a> erreichbar ist. Wir sind weder verpflichtet noch bereit, an einem Streitbeilegungsverfahren vor einer Verbraucherschlichtungsstelle teilzunehmen.<\/p><p><!-- \/wp:paragraph --><\/p>\t\t\t\t\t\t\t\t<\/div>\n\t\t\t\t<\/div>\n\t\t\t\t\t<\/div>\n\t\t\t\t<\/div>\n\t\t\t\t<\/div>\n\t\t","protected":false},"excerpt":{"rendered":"<p>Impressum Angaben gem\u00e4\u00df \u00a7 5 DDG: H-2K &#8211; Svante Eckec\/o Online-Impressum #6786Europaring 9053757 Sankt Augustin E-Mail: prio@h-2k.deTelefon: 015164972865Zweiter Kontaktweg Zust\u00e4ndige Regulierungs- und Aufsichtsbeh\u00f6rde:Medienanstalt Mecklenburg-VorpommernSitz: Deutschland Kein Umsatzsteuerausweis aufgrund Anwendungder Kleinunternehmerregelung gem\u00e4\u00df \u00a7 19 UStG. Vertretungsberechtigter Gesch\u00e4ftsf\u00fchrer:Svante Ecke Haftungsausschluss \/ Disclaimer Der Autor \u00fcbernimmt keinerlei Gew\u00e4hr f\u00fcr die Aktualit\u00e4t, Korrektheit, Vollst\u00e4ndigkeit oder Qualit\u00e4t der bereitgestellten Informationen. <\/p>\n","protected":false},"author":1,"featured_media":0,"parent":0,"menu_order":0,"comment_status":"closed","ping_status":"closed","template":"elementor_header_footer","meta":{"_themeisle_gutenberg_block_has_review":false,"footnotes":""},"class_list":["post-152","page","type-page","status-publish","hentry"],"acf":[],"_links":{"self":[{"href":"https:\/\/h-2k.de\/index.php?rest_route=\/wp\/v2\/pages\/152","targetHints":{"allow":["GET"]}}],"collection":[{"href":"https:\/\/h-2k.de\/index.php?rest_route=\/wp\/v2\/pages"}],"about":[{"href":"https:\/\/h-2k.de\/index.php?rest_route=\/wp\/v2\/types\/page"}],"author":[{"embeddable":true,"href":"https:\/\/h-2k.de\/index.php?rest_route=\/wp\/v2\/users\/1"}],"replies":[{"embeddable":true,"href":"https:\/\/h-2k.de\/index.php?rest_route=%2Fwp%2Fv2%2Fcomments&post=152"}],"version-history":[{"count":25,"href":"https:\/\/h-2k.de\/index.php?rest_route=\/wp\/v2\/pages\/152\/revisions"}],"predecessor-version":[{"id":2243,"href":"https:\/\/h-2k.de\/index.php?rest_route=\/wp\/v2\/pages\/152\/revisions\/2243"}],"wp:attachment":[{"href":"https:\/\/h-2k.de\/index.php?rest_route=%2Fwp%2Fv2%2Fmedia&parent=152"}],"curies":[{"name":"wp","href":"https:\/\/api.w.org\/{rel}","templated":true}]}}