
{"id":2072,"date":"2025-07-10T02:29:33","date_gmt":"2025-07-10T00:29:33","guid":{"rendered":"https:\/\/h-2k.de\/?page_id=2072"},"modified":"2025-11-01T16:14:35","modified_gmt":"2025-11-01T15:14:35","slug":"testimonials","status":"publish","type":"page","link":"https:\/\/h-2k.de\/?page_id=2072","title":{"rendered":"Testimonials"},"content":{"rendered":"\t\t<div data-elementor-type=\"wp-page\" data-elementor-id=\"2072\" class=\"elementor elementor-2072\">\n\t\t\t\t<div class=\"elementor-element elementor-element-c5b2a77 e-flex e-con-boxed e-con e-parent\" data-id=\"c5b2a77\" data-element_type=\"container\">\n\t\t\t\t\t<div class=\"e-con-inner\">\n\t\t\t\t<div class=\"elementor-element elementor-element-06d47d6 elementor-widget elementor-widget-Gridos-Global-Widgets-Award-Block\" data-id=\"06d47d6\" data-element_type=\"widget\" data-settings=\"{&quot;vlt_animated_widget_animation&quot;:&quot;none&quot;}\" data-widget_type=\"Gridos-Global-Widgets-Award-Block.default\">\n\t\t\t\t<div class=\"elementor-widget-container\">\n\t\t\t\t\t\n        <div class=\"space-line\"><\/div>\n\n        <div class=\"awards\">\n            <h1 class=\"inner-pages-main-title\"><\/h1>\n            <div class=\"title-blue-line\"><\/div>\n            <div class=\"w-layout-layout awarts-grid wf-layout-layout\">\n            \t                <div class=\"w-layout-cell award-cell\">\n                    <div class=\"award-item\">\n                        <h4 class=\"award-title\">Kajetan Kalicki<\/h4>\n                        <p class=\"award-text\">\n                            Meine Empfehlung f\u00fcr die Zusammenarbeit mit Svante:\nIch kann die Zusammenarbeit mit Svante wirklich sehr empfehlen. Er ist zuverl\u00e4ssig, denkt mit und kommuniziert regelm\u00e4\u00dfig mit mir, um gemeinsam die besten YouTube-Videos und Edits zu entwickeln. Auch bei der Erstellung von Thumbnails unterst\u00fctzt er mich tatkr\u00e4ftig. Besonders sch\u00e4tze ich seine Lernbereitschaft \u2013 er hinterfragt, optimiert und verbessert kontinuierlich den Prozess. Es macht Spa\u00df, mit jemandem zu arbeiten, der so engagiert und offen f\u00fcr Weiterentwicklung ist.\n                        <\/p>\n                        <div class=\"award-year\">2025<\/div>\n                    <\/div>\n                <\/div>\n                                <div class=\"w-layout-cell award-cell\">\n                    <div class=\"award-item\">\n                        <h4 class=\"award-title\">Nick Ehrlich (ShortCut)<\/h4>\n                        <p class=\"award-text\">\n                            Wir arbeiten seit einiger Zeit mit Svante als Video Editor zusammen und sind durchweg begeistert. Er ist \u00e4u\u00dferst zuverl\u00e4ssig, flexibel und springt auch kurzfristig in Projekte ein, wenn es n\u00f6tig ist. Seine Arbeit \u00fcberzeugt durch schnelle Abgabgen und kurze Wartezeiten. Zudem ist seine Preisgestaltung absolut fair und angemessen. Wir sch\u00e4tzen die Zusammenarbeit sehr und k\u00f6nnen ihn uneingeschr\u00e4nkt weiterempfehlen                        <\/p>\n                        <div class=\"award-year\">2025<\/div>\n                    <\/div>\n                <\/div>\n                                <div class=\"w-layout-cell award-cell\">\n                    <div class=\"award-item\">\n                        <h4 class=\"award-title\">Iven Malm (IVM-Media)<\/h4>\n                        <p class=\"award-text\">\n                            Svante hat mich von Anfang unserer Zusammenarbeit mit seiner durchweg flexiblen Art beeindruckt. Und das hat sich nicht ge\u00e4ndert. Er geht sehr gut auf W\u00fcnsche von mir ein, bearbeitet jedes Projekt schnell und ist immer zuverl\u00e4ssig. Ich arbeite immer gerne mit Svante zusammen und wir werden noch viele Projekte gemeinsam umsetzen! Von mir gibt es eine klare Empfehlung!                        <\/p>\n                        <div class=\"award-year\">2025<\/div>\n                    <\/div>\n                <\/div>\n                                <div class=\"w-layout-cell award-cell\">\n                    <div class=\"award-item\">\n                        <h4 class=\"award-title\">Walter Bauer (WB Production)<\/h4>\n                        <p class=\"award-text\">\n                            Die Zusammenarbeit mit Svante ist \u00e4u\u00dferst strukturiert und zielorientiert. Er geht stets auf individuelle W\u00fcnsche ein und sorgt zuverl\u00e4ssig f\u00fcr eine einwandfreie Umsetzung \u2013 inklusive Nachbesserungen, falls n\u00f6tig. Ich sch\u00e4tze seine Professionalit\u00e4t und Verl\u00e4sslichkeit sehr und freue mich auf eine langfristige Zusammenarbeit.                        <\/p>\n                        <div class=\"award-year\">2025<\/div>\n                    <\/div>\n                <\/div>\n                            <\/div>\n        <\/div>\n    \n    \t\t\t\t<\/div>\n\t\t\t\t<\/div>\n\t\t\t\t\t<\/div>\n\t\t\t\t<\/div>\n\t\t\t\t<\/div>\n\t\t","protected":false},"excerpt":{"rendered":"<p>Kajetan Kalicki Meine Empfehlung f\u00fcr die Zusammenarbeit mit Svante: Ich kann die Zusammenarbeit mit Svante wirklich sehr empfehlen. Er ist zuverl\u00e4ssig, denkt mit und kommuniziert regelm\u00e4\u00dfig mit mir, um gemeinsam die besten YouTube-Videos und Edits zu entwickeln. Auch bei der Erstellung von Thumbnails unterst\u00fctzt er mich tatkr\u00e4ftig. Besonders sch\u00e4tze ich seine Lernbereitschaft \u2013 er hinterfragt, <\/p>\n","protected":false},"author":1,"featured_media":0,"parent":0,"menu_order":0,"comment_status":"closed","ping_status":"closed","template":"","meta":{"_themeisle_gutenberg_block_has_review":false,"footnotes":""},"class_list":["post-2072","page","type-page","status-publish","hentry"],"acf":[],"_links":{"self":[{"href":"https:\/\/h-2k.de\/index.php?rest_route=\/wp\/v2\/pages\/2072","targetHints":{"allow":["GET"]}}],"collection":[{"href":"https:\/\/h-2k.de\/index.php?rest_route=\/wp\/v2\/pages"}],"about":[{"href":"https:\/\/h-2k.de\/index.php?rest_route=\/wp\/v2\/types\/page"}],"author":[{"embeddable":true,"href":"https:\/\/h-2k.de\/index.php?rest_route=\/wp\/v2\/users\/1"}],"replies":[{"embeddable":true,"href":"https:\/\/h-2k.de\/index.php?rest_route=%2Fwp%2Fv2%2Fcomments&post=2072"}],"version-history":[{"count":19,"href":"https:\/\/h-2k.de\/index.php?rest_route=\/wp\/v2\/pages\/2072\/revisions"}],"predecessor-version":[{"id":2162,"href":"https:\/\/h-2k.de\/index.php?rest_route=\/wp\/v2\/pages\/2072\/revisions\/2162"}],"wp:attachment":[{"href":"https:\/\/h-2k.de\/index.php?rest_route=%2Fwp%2Fv2%2Fmedia&parent=2072"}],"curies":[{"name":"wp","href":"https:\/\/api.w.org\/{rel}","templated":true}]}}