
{"id":2084,"date":"2025-07-10T02:56:24","date_gmt":"2025-07-10T00:56:24","guid":{"rendered":"https:\/\/h-2k.de\/?page_id=2084"},"modified":"2026-01-07T14:37:18","modified_gmt":"2026-01-07T13:37:18","slug":"services","status":"publish","type":"page","link":"https:\/\/h-2k.de\/?page_id=2084","title":{"rendered":"Services"},"content":{"rendered":"\t\t<div data-elementor-type=\"wp-page\" data-elementor-id=\"2084\" class=\"elementor elementor-2084\">\n\t\t\t\t<div class=\"elementor-element elementor-element-39d9b67 e-flex e-con-boxed e-con e-parent\" data-id=\"39d9b67\" data-element_type=\"container\">\n\t\t\t\t\t<div class=\"e-con-inner\">\n\t\t\t\t<div class=\"elementor-element elementor-element-ee8876d elementor-widget elementor-widget-Gridos-Global-Widgets-Services-Block\" data-id=\"ee8876d\" data-element_type=\"widget\" data-settings=\"{&quot;vlt_animated_widget_animation&quot;:&quot;none&quot;}\" data-widget_type=\"Gridos-Global-Widgets-Services-Block.default\">\n\t\t\t\t<div class=\"elementor-widget-container\">\n\t\t\t\t\t\n        <div class=\"w-layout-layout services-grid wf-layout-layout\">\n\n        \t            <div class=\"w-layout-cell service-item\">\n                <img decoding=\"async\" src=\"https:\/\/h-2k.de\/wp-content\/uploads\/2025\/07\/cut.png\" loading=\"lazy\" alt=\"service-icon\" class=\"service-image\" \/>\n                <div class=\"service-infos\">\n                    <h4 class=\"service-item-title\">Video Cutting<\/h4>\n                    <p class=\"service-item-paragraph\">Du brauchst einen schnellen, pr\u00e4zisen Schnitt? Ich \u00fcbernehme f\u00fcr dich den Roh- oder Feinschnitt und bereite dein Material professionell auf. Mit Erfahrung und Gef\u00fchl f\u00fcr Rhythmus finde ich die besten Momente und stelle sie klar heraus. So wird aus viel Material ein klarer, mitrei\u00dfender Film.<\/p>\n                <\/div>\n            <\/div>\n                        <div class=\"w-layout-cell service-item\">\n                <img decoding=\"async\" src=\"https:\/\/h-2k.de\/wp-content\/uploads\/2025\/07\/edit2.png\" loading=\"lazy\" alt=\"service-icon\" class=\"service-image\" \/>\n                <div class=\"service-infos\">\n                    <h4 class=\"service-item-title\">Video Editing<\/h4>\n                    <p class=\"service-item-paragraph\">Mit Sound Design, passenden Musiken und atmosph\u00e4rischen Effekten sorge ich daf\u00fcr, dass es nicht nur gut aussieht, sondern auch gut klingt. Titel und animierte Elemente integriere ich so, dass sie die Botschaft unterst\u00fctzen, ohne abzulenken. Kreative Transitions und kleine Details sorgen f\u00fcr einen fl\u00fcssigen und professionellen Look. <\/p>\n                <\/div>\n            <\/div>\n                        <div class=\"w-layout-cell service-item\">\n                <img decoding=\"async\" src=\"https:\/\/h-2k.de\/wp-content\/uploads\/2025\/07\/adap.png\" loading=\"lazy\" alt=\"service-icon\" class=\"service-image\" \/>\n                <div class=\"service-infos\">\n                    <h4 class=\"service-item-title\">IRL SERVER<\/h4>\n                    <p class=\"service-item-paragraph\">Ein Streaming-Server ist ein externer, leistungsstarker Computer in einem Rechenzentrum, der deinen Livestream f\u00fcr dich verarbeitet und weiterleitet. Statt dass dein eigener PC und dein Heim-Internet alles alleine stemmen m\u00fcssen, \u00fcbernimmt der Server diese Aufgaben zuverl\u00e4ssig und dauerhaft.\n\n<\/p>\n                <\/div>\n            <\/div>\n                        <div class=\"w-layout-cell service-item\">\n                <img decoding=\"async\" src=\"https:\/\/h-2k.de\/wp-content\/uploads\/2025\/07\/conv-1.png\" loading=\"lazy\" alt=\"service-icon\" class=\"service-image\" \/>\n                <div class=\"service-infos\">\n                    <h4 class=\"service-item-title\">Beratung &amp; Konzept<\/h4>\n                    <p class=\"service-item-paragraph\">Gute Unterhaltung beginnt mit einer guten Idee und einem klaren Plan. Ich unterst\u00fctze dich schon in der Konzeptionsphase mit kreativen Impulsen und technischem Know-how. Gemeinsam entwickeln wir eine Dramaturgie, die dein Publikum begeistert. So wird dein Projekt von Anfang an auf Erfolg ausgerichtet.<\/p>\n                <\/div>\n            <\/div>\n                        <div class=\"w-layout-cell service-item\">\n                <img decoding=\"async\" src=\"https:\/\/h-2k.de\/wp-content\/uploads\/2025\/07\/livewehite2.png\" loading=\"lazy\" alt=\"service-icon\" class=\"service-image\" \/>\n                <div class=\"service-infos\">\n                    <h4 class=\"service-item-title\">Live Regie<\/h4>\n                    <p class=\"service-item-paragraph\">Live-Events brauchen Erfahrung und ein sicheres Gesp\u00fcr f\u00fcr Timing und Bildgestaltung. Ich \u00fcbernehme die Regie, wechsle Szenen, steuere die Dramaturgie und halte dein Event spannend. Ob kleiner Stream oder gro\u00dfe B\u00fchne \u2013 ich halte den \u00dcberblick und sorge f\u00fcr einen reibungslosen Ablauf. Damit dein Publikum immer das beste Bild bekommt.<\/p>\n                <\/div>\n            <\/div>\n                        <div class=\"w-layout-cell service-item\">\n                <img decoding=\"async\" src=\"https:\/\/h-2k.de\/wp-content\/uploads\/2025\/07\/comp-1.png\" loading=\"lazy\" alt=\"service-icon\" class=\"service-image\" \/>\n                <div class=\"service-infos\">\n                    <h4 class=\"service-item-title\">Technik-Vermietung<\/h4>\n                    <p class=\"service-item-paragraph\">Du brauchst f\u00fcr deine Produktion noch das gewisse Extra? Ich vermiete dir einzelne Technik wie z.B. eine BelaBox f\u00fcr Remote-Streams oder Licht f\u00fcr die perfekte Ausleuchtung. Kleine, flexible L\u00f6sungen, die dir weiterhelfen, ohne dass du selbst investieren musst. Nat\u00fcrlich unterst\u00fctze ich dich auch beim Aufbau und erkl\u00e4re dir die Technik.<\/p>\n                <\/div>\n            <\/div>\n                        \n        <\/div>\n    \n    \t\t\t\t<\/div>\n\t\t\t\t<\/div>\n\t\t\t\t\t<\/div>\n\t\t\t\t<\/div>\n\t\t\t\t<\/div>\n\t\t","protected":false},"excerpt":{"rendered":"<p>Video Cutting Du brauchst einen schnellen, pr\u00e4zisen Schnitt? Ich \u00fcbernehme f\u00fcr dich den Roh- oder Feinschnitt und bereite dein Material professionell auf. Mit Erfahrung und Gef\u00fchl f\u00fcr Rhythmus finde ich die besten Momente und stelle sie klar heraus. So wird aus viel Material ein klarer, mitrei\u00dfender Film. Video Editing Mit Sound Design, passenden Musiken und <\/p>\n","protected":false},"author":1,"featured_media":0,"parent":0,"menu_order":0,"comment_status":"closed","ping_status":"closed","template":"","meta":{"_themeisle_gutenberg_block_has_review":false,"footnotes":""},"class_list":["post-2084","page","type-page","status-publish","hentry"],"acf":[],"_links":{"self":[{"href":"https:\/\/h-2k.de\/index.php?rest_route=\/wp\/v2\/pages\/2084","targetHints":{"allow":["GET"]}}],"collection":[{"href":"https:\/\/h-2k.de\/index.php?rest_route=\/wp\/v2\/pages"}],"about":[{"href":"https:\/\/h-2k.de\/index.php?rest_route=\/wp\/v2\/types\/page"}],"author":[{"embeddable":true,"href":"https:\/\/h-2k.de\/index.php?rest_route=\/wp\/v2\/users\/1"}],"replies":[{"embeddable":true,"href":"https:\/\/h-2k.de\/index.php?rest_route=%2Fwp%2Fv2%2Fcomments&post=2084"}],"version-history":[{"count":7,"href":"https:\/\/h-2k.de\/index.php?rest_route=\/wp\/v2\/pages\/2084\/revisions"}],"predecessor-version":[{"id":2203,"href":"https:\/\/h-2k.de\/index.php?rest_route=\/wp\/v2\/pages\/2084\/revisions\/2203"}],"wp:attachment":[{"href":"https:\/\/h-2k.de\/index.php?rest_route=%2Fwp%2Fv2%2Fmedia&parent=2084"}],"curies":[{"name":"wp","href":"https:\/\/api.w.org\/{rel}","templated":true}]}}